{"id":555,"date":"2025-02-25T14:36:06","date_gmt":"2025-02-25T13:36:06","guid":{"rendered":"https:\/\/vivafridakahlo.se\/?page_id=555"},"modified":"2025-02-25T14:49:43","modified_gmt":"2025-02-25T13:49:43","slug":"voiceover_se","status":"publish","type":"page","link":"https:\/\/vivafridakahlo.se\/sv_se\/voiceover_se\/","title":{"rendered":"Voiceover SE"},"content":{"rendered":"\n<style type=\"text\/css\" data-created_by=\"avia_inline_auto\" id=\"style-css-av-m6jrny6o-5115544b5ffc72321cfaf72662a9c8cb\">\n.avia-section.av-m6jrny6o-5115544b5ffc72321cfaf72662a9c8cb{\nbackground-repeat:no-repeat;\nbackground-image:url(https:\/\/vivafridakahlo.se\/wp-content\/uploads\/2025\/01\/specialheadernotext.jpg);\nbackground-position:50% 50%;\nbackground-attachment:scroll;\n}\n<\/style>\n<div id='av_section_1'  class='avia-section av-m6jrny6o-5115544b5ffc72321cfaf72662a9c8cb main_color avia-section-default avia-no-border-styling  avia-builder-el-0  el_before_av_one_full  avia-builder-el-first  avia-full-stretch avia-bg-style-scroll av-minimum-height av-minimum-height-25 av-height-25  container_wrap fullsize'  data-section-bg-repeat='stretch' data-av_minimum_height_pc='25' data-av_min_height_opt='25'><div class='container av-section-cont-open' ><main  role=\"main\" itemprop=\"mainContentOfPage\"  class='template-page content  av-content-full alpha units'><div class='post-entry post-entry-type-page post-entry-555'><div class='entry-content-wrapper clearfix'>\n\n<style type=\"text\/css\" data-created_by=\"avia_inline_auto\" id=\"style-css-av-m6jrnnl2-ad5a16dc9cf40b6de47047b5b0b90c19\">\n#top .av-special-heading.av-m6jrnnl2-ad5a16dc9cf40b6de47047b5b0b90c19{\npadding-bottom:10px;\nfont-size:150px;\n}\nbody .av-special-heading.av-m6jrnnl2-ad5a16dc9cf40b6de47047b5b0b90c19 .av-special-heading-tag .heading-char{\nfont-size:25px;\n}\n#top #wrap_all .av-special-heading.av-m6jrnnl2-ad5a16dc9cf40b6de47047b5b0b90c19 .av-special-heading-tag{\nfont-size:150px;\n}\n.av-special-heading.av-m6jrnnl2-ad5a16dc9cf40b6de47047b5b0b90c19 .av-subheading{\nfont-size:15px;\n}\n\n@media only screen and (min-width: 990px){ \n#top #wrap_all .av-special-heading.av-m6jrnnl2-ad5a16dc9cf40b6de47047b5b0b90c19 .av-special-heading-tag{\nfont-size:120px;\n}\n}\n\n@media only screen and (min-width: 768px) and (max-width: 989px){ \n#top #wrap_all .av-special-heading.av-m6jrnnl2-ad5a16dc9cf40b6de47047b5b0b90c19 .av-special-heading-tag{\nfont-size:100px;\n}\n}\n\n@media only screen and (min-width: 480px) and (max-width: 767px){ \n#top #wrap_all .av-special-heading.av-m6jrnnl2-ad5a16dc9cf40b6de47047b5b0b90c19 .av-special-heading-tag{\nfont-size:70px;\n}\n}\n\n@media only screen and (max-width: 479px){ \n#top #wrap_all .av-special-heading.av-m6jrnnl2-ad5a16dc9cf40b6de47047b5b0b90c19 .av-special-heading-tag{\nfont-size:45px;\n}\n}\n<\/style>\n<div  class='av-special-heading av-m6jrnnl2-ad5a16dc9cf40b6de47047b5b0b90c19 av-special-heading-h6 blockquote modern-quote modern-centered  avia-builder-el-1  avia-builder-el-no-sibling  av-inherit-size'><h6 class='av-special-heading-tag '  itemprop=\"headline\"  >Voiceover<\/h6><div class=\"special-heading-border\"><div class=\"special-heading-inner-border\"><\/div><\/div><\/div>\n<\/div><\/div><\/main><!-- close content main element --><\/div><\/div><div id='after_section_1'  class='main_color av_default_container_wrap container_wrap fullsize'  ><div class='container av-section-cont-open' ><div class='template-page content  av-content-full alpha units'><div class='post-entry post-entry-type-page post-entry-555'><div class='entry-content-wrapper clearfix'>\n<div  class='flex_column av-ew9zf-21d7ee91b2f68f98a9b157296df80758 av_one_full  avia-builder-el-2  el_after_av_section  el_before_av_one_full  avia-builder-el-first  first flex_column_div  '     ><section  class='av_textblock_section av-9fuzv-c0b0395d07eabb96c6f4f228b1a6d5f6 '   itemscope=\"itemscope\" itemtype=\"https:\/\/schema.org\/CreativeWork\" ><div class='avia_textblock'  itemprop=\"text\" ><p><a href=\"https:\/\/vivafridakahlo.se\/sv_se\/voiceover_se\/\">P\u00e5 Svenska<\/a><\/p>\n<p><a href=\"https:\/\/vivafridakahlo.se\/sv_se\/voiceover_en\/\">In English<\/a><\/p>\n<\/div><\/section><\/div><div  class='flex_column av-3kies-a76f69f6737c9b6c9c960c1ddb2561ef av_one_full  avia-builder-el-4  el_after_av_one_full  avia-builder-el-last  first flex_column_div  column-top-margin'     ><section  class='av_textblock_section av-m4mob0nq-1f9d337b790fe30e65ca6bcee8685aeb '   itemscope=\"itemscope\" itemtype=\"https:\/\/schema.org\/CreativeWork\" ><div class='avia_textblock'  itemprop=\"text\" ><div class=\"section--image-text--text text-type-formatted col-md-6\">\n<h2>UTST\u00c4LLNING VIVA FRIDA KAHLO<\/h2>\n<h4>FRIDA<\/h4>\n<p>Jag vill ber\u00e4tta f\u00f6r dig att jag var anst\u00e4ndig.<br \/>\nAtt jag inte hade n\u00e5gra aff\u00e4rer eller n\u00f6jen eller \u00e4lskare eller n\u00e5got s\u00e5dant.<br \/>\nAtt jag \u00e4lskar Mexiko som aldrig f\u00f6rr.<br \/>\nAtt jag avgudar Diego, mer \u00e4n mitt eget liv och att jag h\u00e5ller p\u00e5 att bli en seri\u00f6s<br \/>\nperson.<\/p>\n<p><em>Frida Kahlo<\/em><\/p>\n<\/div>\n<\/div><\/section><br \/>\n<div  class='hr av-fk72p-36cb8a669f26c39f613dfe1a8255c75e hr-default  avia-builder-el-6  el_after_av_textblock  el_before_av_textblock '><span class='hr-inner '><span class=\"hr-inner-style\"><\/span><\/span><\/div><br \/>\n<section  class='av_textblock_section av-m793ykd4-15c99856068af0940a49113b350ee9f9 '   itemscope=\"itemscope\" itemtype=\"https:\/\/schema.org\/CreativeWork\" ><div class='avia_textblock'  itemprop=\"text\" ><div class=\"section--image-text--text text-type-formatted col-md-6\">\n<h2>BARNDOM 1907-1925<\/h2>\n<h4>FRIDA<\/h4>\n<p>Jag f\u00f6ddes i ett bl\u00e5tt hus i Coyacan, utanf\u00f6r Mexico City. Jag var den tredje av fyra systrar. Christina, Cristi, \u2019den lilla tjockisen\u2019, var yngst och min b\u00e4sta v\u00e4n.<\/p>\n<p>Mi mama, Matilda Calderon, var en sk\u00f6nhet fr\u00e5n Oaxaca med stora, m\u00f6rka \u00f6gon och fylliga l\u00e4ppar. Hon kunde varken l\u00e4sa eller skriva. Och hon \u00e4lskade inte min far. Mamma var hysterisk av missn\u00f6je och d\u00e4rf\u00f6r blev hon from och katolsk. Vi tvingades att g\u00e5 till kyrkan varje dag och be innan varje m\u00e5ltid.<\/p>\n<p>Mi papa \u00abHerr Kahlo\u00bb var fotograf och mycket intressant. Vissa kv\u00e4llar, n\u00e4r han kom hem fr\u00e5n Mexico City, spelade han Strauss p\u00e5 sitt piano. Han l\u00e4ste Goethe eller Schiller och viskade till mig: \u2039Frida k\u00e4ra Frida \u2013 du \u00e4r den mest intelligenta av mina d\u00f6ttrar \u2013 den som \u00e4r mest lik mig\u203a. Jag h\u00e5ller med om allt min far har l\u00e4rt mig. Och ingenting min mor har l\u00e4rt mig.<\/p>\n<p>Den mexikanska revolutionen rasade i \u00f6ver tio l\u00e5nga \u00e5r mot \u00e5rhundraden av f\u00f6rtryck. Skadade, hungriga krigare hoppade genom f\u00f6nstren rakt in i v\u00e5rt vardagsrum. Kulorna visslade f\u00f6rbi mig. Jag kan fortfarande h\u00f6ra deras ljud.<\/p>\n<\/div>\n<\/div><\/section><br \/>\n<div  class='hr av-7p615-04ce548fb76b6d9eb912408cdb31ef4c hr-default  avia-builder-el-8  el_after_av_textblock  el_before_av_textblock '><span class='hr-inner '><span class=\"hr-inner-style\"><\/span><\/span><\/div><br \/>\n<section  class='av_textblock_section av-m793zk4i-36ba6fb29c1b49b984e82698754458f1 '   itemscope=\"itemscope\" itemtype=\"https:\/\/schema.org\/CreativeWork\" ><div class='avia_textblock'  itemprop=\"text\" ><div class=\"section--image-text--text text-type-formatted col-md-6\">\n<h2>BUSSRESA<\/h2>\n<h4>FRIDA<\/h4>\n<p>Det var en m\u00e4rklig krock. Inte v\u00e5ldsamt, utan snarare tyst, l\u00e5ngsamt. Han s\u00e5rade oss alla, men mig mest.<\/p>\n<\/div>\n<\/div><\/section><br \/>\n<div  class='hr av-j2zw1-749b8e6d50d10fc48b776d5e5d40f53c hr-default  avia-builder-el-10  el_after_av_textblock  el_before_av_textblock '><span class='hr-inner '><span class=\"hr-inner-style\"><\/span><\/span><\/div><br \/>\n<section  class='av_textblock_section av-m79414oc-385d19582b033e671adde09979e6ddb5 '   itemscope=\"itemscope\" itemtype=\"https:\/\/schema.org\/CreativeWork\" ><div class='avia_textblock'  itemprop=\"text\" ><div class=\"section--image-text--text text-type-formatted col-md-6\">\n<h2>F\u00d6DSELN AV EN KONSTN\u00c4R 1926<\/h2>\n<h4>FRIDA<\/h4>\n<p>Nu lever jag p\u00e5 en planet av sm\u00e4rta, genomskinlig som is. P\u00e5 ett \u00f6gonblick har jag blivit gammal, allt \u00e4r nu tr\u00e5kigt och tomt. Jag vet nu att det inte kommer n\u00e5got efter det \u2013 om det fanns n\u00e5got skulle jag se det.<\/p>\n<p>Min far hade oljef\u00e4rger och n\u00e5gra penslar. Min mamma l\u00e4t tillverka ett speciellt staffli \u00e5t mig eftersom jag inte kunde sitta upp. Utan att t\u00e4nka efter s\u00e5 mycket b\u00f6rjade jag m\u00e5la.<\/p>\n<h4>SJ\u00c4LVPORTR\u00c4TT I EN SAMMETSKL\u00c4NNING (SELF-PORTRAIT IN A VELVET DRESS) (1929)<\/h4>\n<p>Detta \u00e4r mitt f\u00f6rsta sj\u00e4lvportr\u00e4tt. Jag har m\u00e5lat mig sj\u00e4lv med mycket markerade \u00f6gonbryn. I sj\u00e4lva verket hade jag inte s\u00e5 utm\u00e4rkande drag, men jag ville l\u00e4gga till en detalj som skulle skilja mig fr\u00e5n alla andra flickor som Alejandro skulle tr\u00e4ffa. Jag var 19 \u00e5r och ensam for det mesta. Jag ville imponera p\u00e5 Alejandro och f\u00f6rf\u00f6ra honom. P\u00e5 baksidan skrev jag p\u00e5 tyska. HEUTE IMMER NOCH. (IDAG \u00c4R FORTFARANDE.)<\/p>\n<h4>FRIDA<\/h4>\n<p>Jag tror att jag m\u00e5r b\u00e4ttre. Jag vill tro det. Efter tv\u00e5 \u00e5r p\u00e5 denna sm\u00e4rtsamma planet b\u00f6rjar jag g\u00e5 igen. Jag h\u00e5nar d\u00f6den och skrattar \u00e5t den s\u00e5 att den inte ska ta mig.<\/p>\n<\/div>\n<\/div><\/section><br \/>\n<div  class='hr av-h2gs1-731567c6ad7b5259ff822ebdd9992702 hr-default  avia-builder-el-12  el_after_av_textblock  el_before_av_textblock '><span class='hr-inner '><span class=\"hr-inner-style\"><\/span><\/span><\/div><br \/>\n<section  class='av_textblock_section av-m794mph7-031041ca99bd8a957f737f3fe7dbea15 '   itemscope=\"itemscope\" itemtype=\"https:\/\/schema.org\/CreativeWork\" ><div class='avia_textblock'  itemprop=\"text\" ><div class=\"section--image-text--text text-type-formatted col-md-6\">\n<h2>NATIONALPALATSET<\/h2>\n<h4>FRIDA<\/h4>\n<p>Jag \u00e4r fri \u2013 och s\u00e5 \u00e4ven mitt land! Mexiko var efter revolutionen centrum f\u00f6r modernismen. I centrum f\u00f6r denna r\u00f6relse stod den v\u00e4rldsber\u00f6mde m\u00e5laren Diego Rivera. En stor frihetsk\u00e4mpe. En stor kommunist. En stor man. Jag gick i demonstrationst\u00e5g och gick med i kommunistpartiet.<\/p>\n<p>Det fanns en explosion av kreativitet inom m\u00e5leri, film, litteratur, filosofi \u2026 inom varje enskild aspekt av livet. Och jag dansade mitt i denna virvelvind. Vi ville uttrycka oss fritt \u2013 vi ville tala fritt \u2013 vi ville \u00e4lska fritt.<\/p>\n<\/div>\n<\/div><\/section><br \/>\n<div  class='hr av-11brep-f5a394cf87f9fd5eef6913d398d7aa4e hr-default  avia-builder-el-14  el_after_av_textblock  el_before_av_textblock '><span class='hr-inner '><span class=\"hr-inner-style\"><\/span><\/span><\/div><br \/>\n<section  class='av_textblock_section av-m794py0v-2da59bec39d245768864e162f1443ece '   itemscope=\"itemscope\" itemtype=\"https:\/\/schema.org\/CreativeWork\" ><div class='avia_textblock'  itemprop=\"text\" ><div class=\"section--image-text--text text-type-formatted col-md-6\">\n<h2>DIEGO<\/h2>\n<h4>FRIDA<\/h4>\n<p>Jag tr\u00e4ffade Diego i en tid d\u00e5 folk bar pistoler och sk\u00f6t mot gatlyktor. Under natten f\u00f6rst\u00f6rde vi dem alla och sk\u00f6t runt bara f\u00f6r skojs skull. Diego sk\u00f6t p\u00e5 en grammofon och trots att jag var r\u00e4dd blev jag mycket intresserad av honom.<\/p>\n<p>Jag f\u00f6rberedde allt p\u00e5 g\u00e5rden i Coyoac\u00e1n. Jag bad st\u00e4derskan om kjolar, en blus och en rebozo s\u00e5 att jag kunde gifta mig i en traditionell mexikansk kl\u00e4nning. Diego \u00e4lskade det.<\/p>\n<p>Min mamma tyckte inte alls om br\u00f6llopet eftersom Diego var kommunist och f\u00f6r att han var som en fet, fet gris. Det var ett br\u00f6llop mellan en elefant och en duva.<\/p>\n<p>Hans enorma mage, sp\u00e4nd och sl\u00e4t som en boll, vilar p\u00e5 hans starka ben, vackra pelare som slutar i stora f\u00f6tter, som om han ville omfamna hela v\u00e4rlden och vila o\u00f6vervinnerligt p\u00e5 jorden. Jag tror att han \u00e4r ett exempel p\u00e5 framtida m\u00e4nsklighet, tv\u00e5 eller tre tusen \u00e5r bort fr\u00e5n oss.<\/p>\n<p>Vi hade inte ens varit gifta i ett \u00e5r n\u00e4r han hade sin f\u00f6rsta aff\u00e4r. Trohetvar ot\u00e4nkbart f\u00f6r honom.<\/p>\n<p>Jag \u00e4r den d\u00e4r klumpiga personen som alltid \u00e4lskar, \u00e4lskar, \u00e4lskar. Och \u00e4lskar. Och aldrig l\u00e4mnar.<\/p>\n<\/div>\n<\/div><\/section><br \/>\n<div  class='hr av-8daux-67795bfc8fd474a08ff32748589df1a9 hr-default  avia-builder-el-16  el_after_av_textblock  el_before_av_textblock '><span class='hr-inner '><span class=\"hr-inner-style\"><\/span><\/span><\/div><br \/>\n<section  class='av_textblock_section av-m794vd7i-903a4148075d0d6af4d9c1fd9a9053cb '   itemscope=\"itemscope\" itemtype=\"https:\/\/schema.org\/CreativeWork\" ><div class='avia_textblock'  itemprop=\"text\" ><div class=\"section--image-text--text text-type-formatted col-md-6\">\n<h2>LIVET 1930-1939<\/h2>\n<h4>FRIDA<\/h4>\n<p>\u2039Gringolandia\u203a. Vi var p\u00e5 v\u00e4g till San Francisco, denna \u2039v\u00e4rldsstad\u203a. En pakt med lejonen. Staden och bukten \u00e4r underbara. Jag gillar inte gringos \u00f6ver huvud taget. De \u00e4r s\u00e5 tr\u00e5kiga och alla har ansikten som obakade br\u00f6dbullar.<\/p>\n<p>Jag \u00e4gnar den mesta tiden \u00e5t att m\u00e5la v\u00e4nner. Men jag lyckades bara s\u00e4lja ett f\u00e5tal av mina m\u00e5lningar.<\/p>\n<p>Leo, \u2039min\u203a Doctorcito, h\u00e4r i Detroit \u00e4ter jag inget \u00f6ver huvud taget. Tja, jag har inte l\u00e4ngre n\u00e5gon aptit med denna besv\u00e4rliga graviditet.<\/p>\n<p>Jag drabbades av mitt andra missfall en varm julinatt. Jag fick stanna p\u00e5 sjukhuset i n\u00e4stan tv\u00e5 outh\u00e4rdliga veckor. D\u00e4r b\u00f6rjade jag skriva ner mina id\u00e9er. Jag \u00e4r naken och ligger i en blodp\u00f6l och gr\u00e5ter. M\u00e5leriet har nu blivit min terapi, mitt s\u00e4tt att d\u00f6lja mina hemligheter och visa dem p\u00e5 samma g\u00e5ng.<\/p>\n<p>Den h\u00e4r bilden heter: min f\u00f6delse. Moderns huvud \u00e4r t\u00e4ckt av en vit sl\u00f6ja. Av en tillf\u00e4llighet gick min mor bort medan jag m\u00e5lade den h\u00e4r bilden.<\/p>\n<p>Jag dr\u00f6mmer om att \u00e5terv\u00e4nda till Mexiko. Vi bodde i USA i \u00f6ver tre \u00e5r, men mitt hj\u00e4rta stannade alltid kvar i Mexiko.<\/p>\n<\/div>\n<p>Vi hade m\u00e5nga aff\u00e4rer och delade ocks\u00e5 v\u00e5ra \u00e4lskare. Men Diego tog ifr\u00e5n mig mitt liv. Han hade en aff\u00e4r med min syster Cristi, som jag \u00e4lskar mest av allt. Du kan inte f\u00f6rest\u00e4lla dig hur mycket jag hatar och avskyr mig sj\u00e4lv. Jag sl\u00f6sade bort mina b\u00e4sta \u00e5r p\u00e5 att bara g\u00f6ra det som var bra f\u00f6r Diego, jag gjorde aldrig n\u00e5got f\u00f6r mig sj\u00e4lv!<\/p>\n<p>Jag har l\u00e4mnat huset i San Angel. Och f\u00f6r f\u00f6rsta g\u00e5ngen lever jag ensam i min egna v\u00e5ning. Jag dricker mycket. Jag f\u00f6rs\u00f6ker dr\u00e4nka mina bekymmer. Min syn p\u00e5 livet? \u00c4lska \u2013 ta ett bad \u2013 \u00e4lska igen.<\/p>\n<p>De trodde att jag var surrealist, men det var jag aldrig. Jag har aldrig m\u00e5lat dr\u00f6mmar. Jag m\u00e5lar min egen verklighet.<\/p>\n<div class=\"section--image-text--text text-type-formatted col-md-6\"><\/div>\n<\/div><\/section><br \/>\n<div  class='hr av-vy7td-9a8e2e57a42fc116b57e1fe03b212fe8 hr-default  avia-builder-el-18  el_after_av_textblock  el_before_av_textblock '><span class='hr-inner '><span class=\"hr-inner-style\"><\/span><\/span><\/div><br \/>\n<section  class='av_textblock_section av-m794x89n-da9646e2d6dbb15946cbd11f0be3290b '   itemscope=\"itemscope\" itemtype=\"https:\/\/schema.org\/CreativeWork\" ><div class='avia_textblock'  itemprop=\"text\" ><div class=\"section--image-text--text text-type-formatted col-md-6\">\n<h2>Bildbeskrivning: DE TV\u00c5 FRIDA 1939<\/h2>\n<\/div>\n<h4>FRIDA<\/h4>\n<p>Diego l\u00e4mnade in sin skilsm\u00e4ssa. Jag kunde inte g\u00f6ra n\u00e5got annat \u00e4n att m\u00e5la f\u00f6r att uttrycka min sm\u00e4rta. N\u00e4r skilsm\u00e4ssopappren kom hade jag precis avslutat \u201dDe tv\u00e5 Fridorna\u201d. Till h\u00f6ger \u00e4r Diegos \u00e4lskade Frida, det \u00e4r jag, den mexikanska Frida i en Tehuanakl\u00e4nning. I min hand h\u00e5ller jag en miniatyr av Diego vid fyra \u00e5rs \u00e5lder. Till v\u00e4nster \u00e4r det jag igen, den europeiska Frida i en vit brudkl\u00e4nning. Hon bl\u00f6der, jag f\u00f6rs\u00f6ker stoppa blodfl\u00f6det, men det forts\u00e4tter att droppa. Till slut f\u00f6rvandlas bloddropparna till r\u00f6da blommor p\u00e5 min kl\u00e4nning. Det \u00e4r s\u00e5 h\u00e4r jag har levt mitt liv. Jag har f\u00f6rvandlat sm\u00e4rta till sk\u00f6nhet och p\u00e5 s\u00e5 s\u00e4tt har jag gett min sm\u00e4rta en mening.<\/p>\n<div class=\"section--image-text--text text-type-formatted col-md-6\"><\/div>\n<\/div><\/section><br \/>\n<div  class='hr av-tpiq1-db0657fe98b7baca559448754c13f286 hr-default  avia-builder-el-20  el_after_av_textblock  el_before_av_textblock '><span class='hr-inner '><span class=\"hr-inner-style\"><\/span><\/span><\/div><br \/>\n<section  class='av_textblock_section av-m7950mwy-0a0b8e04327b48c30558b46927ffb6e3 '   itemscope=\"itemscope\" itemtype=\"https:\/\/schema.org\/CreativeWork\" ><div class='avia_textblock'  itemprop=\"text\" ><div class=\"section--image-text--text text-type-formatted col-md-6\">\n<h2>LIVET 1940-1952<\/h2>\n<h4>FRIDA<\/h4>\n<\/div>\n<p>I Mexiko s\u00e4ger vi att det \u00e4r en v\u00e4lsignelse att f\u00f6das och d\u00f6 i samma hus. Jag gifte mig med Diego f\u00f6r andra g\u00e5ngen. Och vi bodde i Casa Azul igen.<\/p>\n<p>Det andra \u00e4ktenskapet fungerar bra. Men jag s\u00e4ger inte att Diego \u00e4r min man, f\u00f6r det skulle vara l\u00f6jligt. Diego var aldrig och kommer aldrig att bli n\u00e5gons make.<\/p>\n<p>Om min h\u00e4lsa var b\u00e4ttre skulle man kunna s\u00e4ga att jag var lycklig. Men faktum \u00e4r att jag k\u00e4nner mig som ett vrak fr\u00e5n topp till t\u00e5. Det g\u00f6r att min hj\u00e4rna ibland hamnar i obalans och att jag upplever bittra stunder.<\/p>\n<p>Alla l\u00e4kare i Mexiko ans\u00e5g att jag beh\u00f6vde operera ryggraden. I tre m\u00e5nader l\u00e5g jag i s\u00e4ngen med en gipskorsett och en fruktansv\u00e4rd apparat p\u00e5 hakan som pl\u00e5gade mig vansinnigt. Jag var s\u00e4ker p\u00e5 att jag skulle d\u00f6.<\/p>\n<p>F\u00f6r 6 m\u00e5nader sedan amputerades mitt ben. Det k\u00e4ndes som en \u00e4ndl\u00f6s tortyr, och ibland blev jag n\u00e4stan galen. Jag vill fortfarande beg\u00e5 sj\u00e4lvmord. Diego stoppar mig f\u00f6r att han tror att han kan beh\u00f6va mig. Jag ska v\u00e4nta ett tag till.<\/p>\n<p>Allt \u00e4r ett. Allting existerar och r\u00f6r sig under en enda lag. Livet.<\/p>\n<div class=\"section--image-text--text text-type-formatted col-md-6\"><\/div>\n<\/div><\/section><br \/>\n<div  class='hr av-k9a9l-ef23b73ff1ce809340577aec93f71016 hr-default  avia-builder-el-22  el_after_av_textblock  el_before_av_textblock '><span class='hr-inner '><span class=\"hr-inner-style\"><\/span><\/span><\/div><br \/>\n<section  class='av_textblock_section av-m7952plq-ca2b8a7e49ba2ad87ec8b9f214f1d7fb '   itemscope=\"itemscope\" itemtype=\"https:\/\/schema.org\/CreativeWork\" ><div class='avia_textblock'  itemprop=\"text\" ><div class=\"section--image-text--text text-type-formatted col-md-6\">\n<h2>Bildbeskrivning: DEN SKADADE HJORTEN 1946<\/h2>\n<\/div>\n<h4>FRIDA<\/h4>\n<p>Hoppet om l\u00e4kning har falnat, jag har m\u00e5lat mig sj\u00e4lv som en ung hjort skadad av pilar. Genomborrad av pilar och bl\u00f6dande stirrar jag \u2013 hjorten \u2013 p\u00e5 dig mitt i en d\u00f6d skog. Jag b\u00f6rjar l\u00e5ngsamt acceptera att jag inte kommer att bli frisk. Att detta \u2013 \u00e4r mitt \u00f6de.<\/p>\n<div class=\"section--image-text--text text-type-formatted col-md-6\"><\/div>\n<\/div><\/section><br \/>\n<div  class='hr av-fchap-05386dbaae45e3babe6932ce372d11b7 hr-default  avia-builder-el-24  el_after_av_textblock  el_before_av_textblock '><span class='hr-inner '><span class=\"hr-inner-style\"><\/span><\/span><\/div><br \/>\n<section  class='av_textblock_section av-m7954hzp-70f5b7ce1adf770250c7e8abf2f7c3e9 '   itemscope=\"itemscope\" itemtype=\"https:\/\/schema.org\/CreativeWork\" ><div class='avia_textblock'  itemprop=\"text\" ><div class=\"section--image-text--text text-type-formatted col-md-6\">\n<h2>UTST\u00c4LLNING 1953 OCH D\u00d6D<\/h2>\n<h4>FRIDA<\/h4>\n<\/div>\n<p>I v\u00e4nskap och k\u00e4rlek som<br \/>\nkommer ur hj\u00e4rtat har jag<br \/>\nn\u00f6jet att bjuda in dig<br \/>\ntill min anspr\u00e5ksl\u00f6sa utst\u00e4llning<\/p>\n<p>Allt jag ber dig om.<br \/>\n\u00e4r din \u00e4rliga och uppriktiga \u00e5sikt.<br \/>\nDu \u00e4r en bildad m\u00e4nniska.<br \/>\nDin kunskap \u00e4r enast\u00e5ende.<\/p>\n<p>Dessa m\u00e5lningar,<br \/>\nsom jag m\u00e5lat med mina egna h\u00e4nder,<br \/>\nv\u00e4ntar p\u00e5 v\u00e4ggarna f\u00f6r att gl\u00e4dja<br \/>\nmina br\u00f6der.<\/p>\n<p>I djup v\u00e4nskap.<br \/>\nTackar jag dig av hela mitt hj\u00e4rta.<\/p>\n<p><em>Frida Kahlo de Rivera<\/em><\/p>\n<div class=\"section--image-text--text text-type-formatted col-md-6\"><\/div>\n<\/div><\/section><br \/>\n<div  class='hr av-bslwh-2ccd70d7482d25e3e485f097d24f73c6 hr-default  avia-builder-el-26  el_after_av_textblock  el_before_av_textblock '><span class='hr-inner '><span class=\"hr-inner-style\"><\/span><\/span><\/div><br \/>\n<section  class='av_textblock_section av-m7955gop-cc6b531bb9f386a0551a2b2a555637af '   itemscope=\"itemscope\" itemtype=\"https:\/\/schema.org\/CreativeWork\" ><div class='avia_textblock'  itemprop=\"text\" ><div class=\"section--image-text--text text-type-formatted col-md-6\">\n<h2>IKON<\/h2>\n<\/div>\n<h4>FRIDA<\/h4>\n<p>Jag har alltid trott att jag var den konstigaste m\u00e4nniskan p\u00e5 jorden, men det finns s\u00e5 m\u00e5nga m\u00e4nniskor i den h\u00e4r v\u00e4rlden, det m\u00e5ste finnas n\u00e5gon som k\u00e4nner sig lika bisarr och br\u00e4cklig som jag g\u00f6r. Jag f\u00f6rest\u00e4ller mig och t\u00e4nker att de m\u00e5ste leta efter mig ocks\u00e5. Tja, jag hoppas att om du \u00e4r d\u00e4r ute och h\u00f6r detta, att du vet det nu \u2026 Ja, jag \u00e4r h\u00e4r och jag \u00e4r precis lika konstig som du.<\/p>\n<div class=\"section--image-text--text text-type-formatted col-md-6\"><\/div>\n<\/div><\/section><\/p><\/div><\/p>\n","protected":false},"excerpt":{"rendered":"","protected":false},"author":1,"featured_media":0,"parent":0,"menu_order":0,"comment_status":"closed","ping_status":"closed","template":"","meta":{"footnotes":""},"class_list":["post-555","page","type-page","status-publish","hentry"],"_links":{"self":[{"href":"https:\/\/vivafridakahlo.se\/sv_se\/wp-json\/wp\/v2\/pages\/555","targetHints":{"allow":["GET"]}}],"collection":[{"href":"https:\/\/vivafridakahlo.se\/sv_se\/wp-json\/wp\/v2\/pages"}],"about":[{"href":"https:\/\/vivafridakahlo.se\/sv_se\/wp-json\/wp\/v2\/types\/page"}],"author":[{"embeddable":true,"href":"https:\/\/vivafridakahlo.se\/sv_se\/wp-json\/wp\/v2\/users\/1"}],"replies":[{"embeddable":true,"href":"https:\/\/vivafridakahlo.se\/sv_se\/wp-json\/wp\/v2\/comments?post=555"}],"version-history":[{"count":8,"href":"https:\/\/vivafridakahlo.se\/sv_se\/wp-json\/wp\/v2\/pages\/555\/revisions"}],"predecessor-version":[{"id":576,"href":"https:\/\/vivafridakahlo.se\/sv_se\/wp-json\/wp\/v2\/pages\/555\/revisions\/576"}],"wp:attachment":[{"href":"https:\/\/vivafridakahlo.se\/sv_se\/wp-json\/wp\/v2\/media?parent=555"}],"curies":[{"name":"wp","href":"https:\/\/api.w.org\/{rel}","templated":true}]}}