{"id":137,"date":"2024-12-16T15:13:51","date_gmt":"2024-12-16T14:13:51","guid":{"rendered":"https:\/\/vivafridakahlo.se\/?page_id=137"},"modified":"2025-09-09T14:52:37","modified_gmt":"2025-09-09T12:52:37","slug":"biljetter","status":"publish","type":"page","link":"https:\/\/vivafridakahlo.se\/sv_se\/biljetter\/","title":{"rendered":"Biljetter"},"content":{"rendered":"\n<style type=\"text\/css\" data-created_by=\"avia_inline_auto\" id=\"style-css-av-m4mvrm1k-8ad78b1461e171fdd04b867d79cbfac9\">\n.avia-section.av-m4mvrm1k-8ad78b1461e171fdd04b867d79cbfac9{\nbackground-repeat:no-repeat;\nbackground-image:url(https:\/\/vivafridakahlo.se\/wp-content\/uploads\/2025\/01\/biljetterheaderny.jpg);\nbackground-position:50% 50%;\nbackground-attachment:scroll;\n}\n<\/style>\n<div id='av_section_1'  class='avia-section av-m4mvrm1k-8ad78b1461e171fdd04b867d79cbfac9 main_color avia-section-default avia-no-border-styling  avia-builder-el-0  el_before_av_section  avia-builder-el-first  avia-full-stretch avia-bg-style-scroll av-minimum-height av-minimum-height-25 av-height-25  container_wrap fullsize'  data-section-bg-repeat='stretch' data-av_minimum_height_pc='25' data-av_min_height_opt='25'><div class='container av-section-cont-open' ><main  role=\"main\" itemprop=\"mainContentOfPage\"  class='template-page content  av-content-full alpha units'><div class='post-entry post-entry-type-page post-entry-137'><div class='entry-content-wrapper clearfix'>\n\n<style type=\"text\/css\" data-created_by=\"avia_inline_auto\" id=\"style-css-av-m5qthbts-1f50d8c3fbf63231cd601bb5f7276cfe\">\n#top .av-special-heading.av-m5qthbts-1f50d8c3fbf63231cd601bb5f7276cfe{\npadding-bottom:10px;\nfont-size:150px;\n}\nbody .av-special-heading.av-m5qthbts-1f50d8c3fbf63231cd601bb5f7276cfe .av-special-heading-tag .heading-char{\nfont-size:25px;\n}\n#top #wrap_all .av-special-heading.av-m5qthbts-1f50d8c3fbf63231cd601bb5f7276cfe .av-special-heading-tag{\nfont-size:150px;\n}\n.av-special-heading.av-m5qthbts-1f50d8c3fbf63231cd601bb5f7276cfe .av-subheading{\nfont-size:15px;\n}\n\n@media only screen and (min-width: 990px){ \n#top #wrap_all .av-special-heading.av-m5qthbts-1f50d8c3fbf63231cd601bb5f7276cfe .av-special-heading-tag{\nfont-size:120px;\n}\n}\n\n@media only screen and (min-width: 768px) and (max-width: 989px){ \n#top #wrap_all .av-special-heading.av-m5qthbts-1f50d8c3fbf63231cd601bb5f7276cfe .av-special-heading-tag{\nfont-size:100px;\n}\n}\n\n@media only screen and (min-width: 480px) and (max-width: 767px){ \n#top #wrap_all .av-special-heading.av-m5qthbts-1f50d8c3fbf63231cd601bb5f7276cfe .av-special-heading-tag{\nfont-size:80px;\n}\n}\n\n@media only screen and (max-width: 479px){ \n#top #wrap_all .av-special-heading.av-m5qthbts-1f50d8c3fbf63231cd601bb5f7276cfe .av-special-heading-tag{\nfont-size:60px;\n}\n}\n<\/style>\n<div  class='av-special-heading av-m5qthbts-1f50d8c3fbf63231cd601bb5f7276cfe av-special-heading-h6 blockquote modern-quote modern-centered  avia-builder-el-1  avia-builder-el-no-sibling  av-inherit-size'><h6 class='av-special-heading-tag '  itemprop=\"headline\"  >Biljetter<\/h6><div class=\"special-heading-border\"><div class=\"special-heading-inner-border\"><\/div><\/div><\/div>\n\n<\/div><\/div><\/main><!-- close content main element --><\/div><\/div><div id='av_section_2'  class='avia-section av-15vhc-5e77b7035f55b10d026a9bee299864f9 main_color avia-section-default avia-no-border-styling  avia-builder-el-2  el_after_av_section  el_before_av_table  avia-bg-style-scroll container_wrap fullsize'  ><div class='container av-section-cont-open' ><div class='template-page content  av-content-full alpha units'><div class='post-entry post-entry-type-page post-entry-137'><div class='entry-content-wrapper clearfix'>\n\n<style type=\"text\/css\" data-created_by=\"avia_inline_auto\" id=\"style-css-av-m4mx0dsy-a6444ea70fee38409465ed198f794a34\">\n#top .av-special-heading.av-m4mx0dsy-a6444ea70fee38409465ed198f794a34{\npadding-bottom:10px;\n}\nbody .av-special-heading.av-m4mx0dsy-a6444ea70fee38409465ed198f794a34 .av-special-heading-tag .heading-char{\nfont-size:25px;\n}\n.av-special-heading.av-m4mx0dsy-a6444ea70fee38409465ed198f794a34 .av-subheading{\nfont-size:15px;\n}\n<\/style>\n<div  class='av-special-heading av-m4mx0dsy-a6444ea70fee38409465ed198f794a34 av-special-heading-h2 custom-color-heading blockquote modern-quote modern-centered  avia-builder-el-3  el_before_av_textblock  avia-builder-el-first '><h2 class='av-special-heading-tag '  itemprop=\"headline\"  >Biljetter och priser<\/h2><div class=\"special-heading-border\"><div class=\"special-heading-inner-border\"><\/div><\/div><\/div>\n<section  class='av_textblock_section av-m4tywwsu-51011de0756c1fd9626d080b64b8a94a '   itemscope=\"itemscope\" itemtype=\"https:\/\/schema.org\/CreativeWork\" ><div class='avia_textblock'  itemprop=\"text\" ><h1 style=\"text-align: center;\"><strong>UTST\u00c4LLNINGEN \u00c4R NU ST\u00c4NGD \u2013 TACK TILL ALLA SOM BES\u00d6KTE OSS. F\u00d6R FLER EVENEMANG BES\u00d6K\u00a0<a href=\"http:\/\/www.juliusproduction.se\/\">WWW.JULIUSPRODUCTION.SE<\/a><\/strong><\/h1>\n<p style=\"text-align: center;\">F\u00f6r bes\u00f6kare som inte har m\u00f6jlighet att k\u00f6pa sin biljett online i f\u00f6rv\u00e4g kommer biljetter \u00e4ven att finnas tillg\u00e4ngliga i d\u00f6rren fr\u00e5n och med utst\u00e4llningens b\u00f6rjan. Viktigt: P\u00e5 grund av det begr\u00e4nsade antalet bes\u00f6kare i utst\u00e4llningen rekommenderas det &#8211; s\u00e4rskilt f\u00f6r bes\u00f6kare med l\u00e4ngre restider &#8211; att k\u00f6pa biljetter online i f\u00f6rv\u00e4g f\u00f6r \u00f6nskad dag och tid, annars kan l\u00e4ngre v\u00e4ntetider uppst\u00e5.<\/p>\n<p style=\"text-align: center;\">N\u00e4r du har g\u00e5tt in i utst\u00e4llningen \u00e4r vistelsetiden obegr\u00e4nsad. Vi rekommenderar att du planerar in ca 1,5 timme f\u00f6r ditt bes\u00f6k. Tiden beror p\u00e5 hur l\u00e4nge du vill titta p\u00e5 varje verk och om du vill l\u00e4sa att information som finns tillg\u00e4nglig. N\u00e4r du har l\u00e4mnat utst\u00e4llningen kan du inte komma in igen. Sista entr\u00e9 1 timme innan utst\u00e4llningen st\u00e4nger.<\/p>\n<p style=\"text-align: center;\"><strong>Tisdagsdeal p\u00e5 Viva Frida Kahlo<\/strong><br \/>\nUpplev utst\u00e4llningen till veckans l\u00e4gsta pris! S\u00e4nkta priser p\u00e5 tisdagar*.<\/p>\n<p style=\"text-align: center;\">Tisdagsdeal Vuxen 195 kr (tidigare 255 kr)<br \/>\nTisdagsdeal Pension\u00e4r\/ Student 135 kr (tidigare 175 kr)<br \/>\nTisdagsdeal Barn 7-15 \u00e5r 115 kr (tidigare 145 kr)<\/p>\n<\/div><\/section>\n<div class='flex_column_table av-n1uc1-3f27abb024fa0c71d10c04365a37c2b8 sc-av_one_half av-equal-height-column-flextable'>\n<style type=\"text\/css\" data-created_by=\"avia_inline_auto\" id=\"style-css-av-n1uc1-3f27abb024fa0c71d10c04365a37c2b8\">\n.flex_column.av-n1uc1-3f27abb024fa0c71d10c04365a37c2b8{\nborder-width:1px;\nborder-color:#ff6680;\nborder-style:solid;\nborder-radius:5px 5px 5px 5px;\npadding:30px 30px 30px 30px;\n}\n\n@media only screen and (min-width: 990px){ \n.flex_column.av-n1uc1-3f27abb024fa0c71d10c04365a37c2b8{\npadding:30px 30px 30px 30px;\n}\n}\n<\/style>\n<div  class='flex_column av-n1uc1-3f27abb024fa0c71d10c04365a37c2b8 av_one_half  avia-builder-el-5  el_after_av_textblock  el_before_av_one_half  first flex_column_table_cell av-equal-height-column av-align-top  column-top-margin'     ><section  class='av_textblock_section av-1r4hd-0ac5aae6b708181697fd5efc26cd99fb '   itemscope=\"itemscope\" itemtype=\"https:\/\/schema.org\/CreativeWork\" ><div class='avia_textblock'  itemprop=\"text\" ><div class=\"nectar-responsive-text nectar-link-underline-effect\" data-inherit-heading-family=\"h2\">\n<h3 style=\"text-align: center;\"><span lang=\"DA\">Tidslottsbiljetter<\/span><\/h3>\n<\/div>\n<div class=\"nectar-responsive-text nectar-link-underline-effect\">\n<p style=\"text-align: center;\">F\u00f6r att p\u00e5 b\u00e4sta s\u00e4tt kunna styra fl\u00f6det av bes\u00f6kare beh\u00f6ver du boka en tidslott. Med tidslottsbiljetten \u00e4r tilltr\u00e4de till utst\u00e4llningen m\u00f6jligt inom den bokade tidslotten. Vistelsens l\u00e4ngd \u00e4r obegr\u00e4nsad.<\/p>\n<\/div>\n<\/div><\/section><br \/>\n<div  class='avia-button-wrap av-a1xfd-b6cb49850fc5c4efa803ca5902b0ef09-wrap avia-button-center  avia-builder-el-7  el_after_av_textblock  el_before_av_button '>\n<style type=\"text\/css\" data-created_by=\"avia_inline_auto\" id=\"style-css-av-a1xfd-b6cb49850fc5c4efa803ca5902b0ef09\">\n#top #wrap_all .avia-button.av-a1xfd-b6cb49850fc5c4efa803ca5902b0ef09{\nfont-size:16px;\nbackground-color:#fccd11;\nborder-color:#fccd11;\ncolor:#ffffff;\nborder-radius:100px 100px 100px 100px;\ntransition:all 0.4s ease-in-out;\n}\n#top #wrap_all.avia-button.av-a1xfd-b6cb49850fc5c4efa803ca5902b0ef09:hover .avia_button_background{\nborder-radius:100px 100px 100px 100px;\n}\n<\/style>\n<a href=' https:\/\/www.juliusbiljettservice.se\/events\/1321'  class='avia-button av-a1xfd-b6cb49850fc5c4efa803ca5902b0ef09 av-link-btn avia-icon_select-yes-right-icon avia-size-medium avia-position-center'  target=\"_blank\"  rel=\"noopener noreferrer\"  aria-label=\"Biljetter Julius Biljettservice\"><span class='avia_iconbox_title' >Biljetter Julius Biljettservice<\/span><span class='avia_button_icon avia_button_icon_right' aria-hidden='true' data-av_icon='\ue871' data-av_iconfont='entypo-fontello'><\/span><\/a><\/div><br \/>\n<div  class='avia-button-wrap av-m9cjf0gy-0609a5f9801d5b66f65697c5364ffdfd-wrap avia-button-center  avia-builder-el-8  el_after_av_button  avia-builder-el-last '>\n<style type=\"text\/css\" data-created_by=\"avia_inline_auto\" id=\"style-css-av-m9cjf0gy-0609a5f9801d5b66f65697c5364ffdfd\">\n#top #wrap_all .avia-button.av-m9cjf0gy-0609a5f9801d5b66f65697c5364ffdfd{\nfont-size:16px;\nbackground-color:#fccd11;\nborder-color:#fccd11;\ncolor:#ffffff;\nborder-radius:100px 100px 100px 100px;\ntransition:all 0.4s ease-in-out;\n}\n#top #wrap_all.avia-button.av-m9cjf0gy-0609a5f9801d5b66f65697c5364ffdfd:hover .avia_button_background{\nborder-radius:100px 100px 100px 100px;\n}\n<\/style>\n<a href='https:\/\/www.eventim.se\/artist\/vivafridakahlo\/viva-frida-kahlo-immersive-experience-specifik-dag-vaelj-entretid-3871408\/'  class='avia-button av-m9cjf0gy-0609a5f9801d5b66f65697c5364ffdfd av-link-btn avia-icon_select-yes-right-icon avia-size-medium avia-position-center'  target=\"_blank\"  rel=\"noopener noreferrer\"  aria-label=\"Biljetter Eventim\"><span class='avia_iconbox_title' >Biljetter Eventim<\/span><span class='avia_button_icon avia_button_icon_right' aria-hidden='true' data-av_icon='\ue871' data-av_iconfont='entypo-fontello'><\/span><\/a><\/div><\/p><\/div><div class='av-flex-placeholder'><\/div>\n<style type=\"text\/css\" data-created_by=\"avia_inline_auto\" id=\"style-css-av-72i55-95904d3904192975e8f91891224559c1\">\n.flex_column.av-72i55-95904d3904192975e8f91891224559c1{\nborder-width:1px;\nborder-color:#ff6680;\nborder-style:solid;\nborder-radius:5px 5px 5px 5px;\npadding:30px 30px 30px 30px;\n}\n\n@media only screen and (min-width: 990px){ \n.flex_column.av-72i55-95904d3904192975e8f91891224559c1{\npadding:30px 30px 30px 30px;\n}\n}\n<\/style>\n<div  class='flex_column av-72i55-95904d3904192975e8f91891224559c1 av_one_half  avia-builder-el-9  el_after_av_one_half  avia-builder-el-last  flex_column_table_cell av-equal-height-column av-align-top  column-top-margin'     ><section  class='av_textblock_section av-m4r5s9pd-6649414bf708c24cd1f53ae0dda90c07 '   itemscope=\"itemscope\" itemtype=\"https:\/\/schema.org\/CreativeWork\" ><div class='avia_textblock'  itemprop=\"text\" ><div class=\"nectar-responsive-text nectar-link-underline-effect\" data-inherit-heading-family=\"h2\">\n<h3 style=\"text-align: center;\"><strong>Flexbiljetter<\/strong><\/h3>\n<\/div>\n<div class=\"nectar-responsive-text nectar-link-underline-effect\">\n<p style=\"text-align: center;\">Om du vill vara flexibel eller ge bort biljetter som g\u00e5va \u00e4r flex-\/g\u00e5vobiljetter r\u00e4tt val f\u00f6r dig. Dessa ger tilltr\u00e4de till utst\u00e4llningen n\u00e4r som helst under vald m\u00e5nad\/hela utst\u00e4llningsperioden utan f\u00f6reg\u00e5ende bokning eller tidsbest\u00e4llning, och det finns ingen tidsbegr\u00e4nsning f\u00f6r vistelsens l\u00e4ngd. Dessa biljetter finns endast tillg\u00e4ngliga i ett begr\u00e4nsat antal.<\/p>\n<\/div>\n<\/div><\/section><br \/>\n<div  class='avia-button-wrap av-m4r62t1l-330649f6132ba3ec1a4312c058007c5e-wrap avia-button-center  avia-builder-el-11  el_after_av_textblock  el_before_av_button '>\n<style type=\"text\/css\" data-created_by=\"avia_inline_auto\" id=\"style-css-av-m4r62t1l-330649f6132ba3ec1a4312c058007c5e\">\n#top #wrap_all .avia-button.av-m4r62t1l-330649f6132ba3ec1a4312c058007c5e{\nfont-size:16px;\nbackground-color:#fccd11;\nborder-color:#fccd11;\ncolor:#ffffff;\nborder-radius:100px 100px 100px 100px;\ntransition:all 0.4s ease-in-out;\n}\n#top #wrap_all.avia-button.av-m4r62t1l-330649f6132ba3ec1a4312c058007c5e:hover .avia_button_background{\nborder-radius:100px 100px 100px 100px;\n}\n<\/style>\n<a href=' https:\/\/www.juliusbiljettservice.se\/events\/1322'  class='avia-button av-m4r62t1l-330649f6132ba3ec1a4312c058007c5e av-link-btn avia-icon_select-yes-right-icon avia-size-medium avia-position-center'  target=\"_blank\"  rel=\"noopener noreferrer\"  aria-label=\"Biljetter Julius Biljettservice\"><span class='avia_iconbox_title' >Biljetter Julius Biljettservice<\/span><span class='avia_button_icon avia_button_icon_right' aria-hidden='true' data-av_icon='\ue871' data-av_iconfont='entypo-fontello'><\/span><\/a><\/div><br \/>\n<div  class='avia-button-wrap av-m9cjfsmg-b0b306796b709027c1e8d6f016427805-wrap avia-button-center  avia-builder-el-12  el_after_av_button  avia-builder-el-last '>\n<style type=\"text\/css\" data-created_by=\"avia_inline_auto\" id=\"style-css-av-m9cjfsmg-b0b306796b709027c1e8d6f016427805\">\n#top #wrap_all .avia-button.av-m9cjfsmg-b0b306796b709027c1e8d6f016427805{\nfont-size:16px;\nbackground-color:#fccd11;\nborder-color:#fccd11;\ncolor:#ffffff;\nborder-radius:100px 100px 100px 100px;\ntransition:all 0.4s ease-in-out;\n}\n#top #wrap_all.avia-button.av-m9cjfsmg-b0b306796b709027c1e8d6f016427805:hover .avia_button_background{\nborder-radius:100px 100px 100px 100px;\n}\n<\/style>\n<a href='https:\/\/www.eventim.se\/artist\/vivafridakahlo\/viva-frida-kahlo-immersive-experience-flexbiljetter-3873042\/'  class='avia-button av-m9cjfsmg-b0b306796b709027c1e8d6f016427805 av-link-btn avia-icon_select-yes-right-icon avia-size-medium avia-position-center'  target=\"_blank\"  rel=\"noopener noreferrer\"  aria-label=\"Biljetter Eventim\"><span class='avia_iconbox_title' >Biljetter Eventim<\/span><span class='avia_button_icon avia_button_icon_right' aria-hidden='true' data-av_icon='\ue871' data-av_iconfont='entypo-fontello'><\/span><\/a><\/div><\/p><\/div><\/div><!--close column table wrapper. Autoclose: 1 --><\/div><\/div><\/div><!-- close content main div --><\/div><\/div><div id='after_section_2'  class='main_color av_default_container_wrap container_wrap fullsize'  ><div class='container av-section-cont-open' ><div class='template-page content  av-content-full alpha units'><div class='post-entry post-entry-type-page post-entry-137'><div class='entry-content-wrapper clearfix'><div class='avia-data-table-wrap av-9g89lt-1c13bbcd7d166d27b93a00c73663f9d8 avia_scrollable_table av-small-hide av-mini-hide avia-table-1'><table  class='avia-table avia-data-table avia_pricing_minimal  avia-builder-el-13  el_after_av_section  el_before_av_table  avia-builder-el-first  tabularhead'  itemscope=\"itemscope\" itemtype=\"https:\/\/schema.org\/Table\" ><tbody><tr class='avia-heading-row'><th class=''>Tidslottsbiljetter<\/th><th class=''>Ordinarie pris<\/th><th class=''>Peakdagar*<\/th><\/tr><tr class=''><td class=''>Vuxen<\/td><td class=''>255 SEK<\/td><td class=''>295 SEK<\/td><\/tr><tr class=''><td class=''>Barn 7-15 \u00e5r**<\/td><td class=''>145 SEK<\/td><td class=''>165 SEK<\/td><\/tr><tr class=''><td class=''>Pension\u00e4r***\/Student<\/td><td class=''>235 SEK<\/td><td class=''>275 SEK<\/td><\/tr><tr class='avia-heading-row'><th class=''>Flex \u2013 Valfri entr\u00e9tid hela perioden<\/th><th class=''><\/th><th class=''><\/th><\/tr><tr class=''><td class=''>Vuxen\/Barn 7-15 \u00e5r**\/Pension\u00e4r***\/Student<\/td><td class=''>360 SEK<\/td><td class=''><\/td><\/tr><tr class='avia-heading-row'><th class=''>Flex \u2013 Valfri entr\u00e9 per m\u00e5nad<\/th><th class=''><\/th><th class=''><\/th><\/tr><tr class=''><td class=''>Vuxen<\/td><td class=''>340 SEK<\/td><td class=''><\/td><\/tr><tr class=''><td class=''>Barn 7-15 \u00e5r**<\/td><td class=''>200 SEK<\/td><td class=''><\/td><\/tr><tr class=''><td class=''>Pension\u00e4r***\/Student<\/td><td class=''>300 SEK<\/td><td class=''><\/td><\/tr><tr class='avia-heading-row'><th class=''>Gruppriser****<\/th><th class=''><\/th><th class=''><\/th><\/tr><tr class=''><td class=''>Vuxen<\/td><td class=''>225 SEK<\/td><td class=''>265 SEK<\/td><\/tr><tr class=''><td class=''>Barn 7-15 \u00e5r**<\/td><td class=''>115 SEK<\/td><td class=''>135 SEK<\/td><\/tr><tr class=''><td class=''>Pension\u00e4r***\/Student<\/td><td class=''>206 SEK<\/td><td class=''>245 SEK<\/td><\/tr><tr class=''><td class=''>Skolklasser<\/td><td class=''>115 SEK<\/td><td class=''><\/td><\/tr><tr class=''><td class=''>L\u00e4rare<\/td><td class=''>185 SEK<\/td><td class=''><\/td><\/tr><\/tbody><\/table><\/div><\/p>\n<div class='avia-data-table-wrap av-9j2ixl-cc5c5d3f6b66d334bdb5e5d748ce18d2 avia_scrollable_table av-desktop-hide av-medium-hide avia-table-2'><table  class='avia-table avia-data-table avia_pricing_minimal  avia-builder-el-14  el_after_av_table  el_before_av_textblock  tabularhead'  itemscope=\"itemscope\" itemtype=\"https:\/\/schema.org\/Table\" ><tbody><tr class='avia-heading-row'><th class=''>Tidslotts-<br \/>\nbiljetter<\/th><th class=''>Ordinarie<br \/>\npris<\/th><th class=''>Peak-<br \/>\ndagar*<\/th><\/tr><tr class=''><td class=''>Vuxen<\/td><td class=''>255 SEK<\/td><td class=''>295 SEK<\/td><\/tr><tr class=''><td class=''>Barn 7-15 \u00e5r**<\/td><td class=''>145 SEK<\/td><td class=''>165 SEK<\/td><\/tr><tr class=''><td class=''>Pension\u00e4r***\/Student<\/td><td class=''>235 SEK<\/td><td class=''>275 SEK<\/td><\/tr><tr class='avia-heading-row'><th class=''>Flex<br \/>\n&#8211; Valfri entr\u00e9<br \/>\nhela perioden<\/th><th class=''><\/th><th class=''><\/th><\/tr><tr class=''><td class=''>Vuxen\/Barn 7-15 \u00e5r**\/<br \/>\nPension\u00e4r***\/Student<\/td><td class=''>360 SEK<\/td><td class=''><\/td><\/tr><tr class='avia-heading-row'><th class=''>Flex<br \/>\n&#8211; Valfri entr\u00e9<br \/>\nper m\u00e5nad<\/th><th class=''><\/th><th class=''><\/th><\/tr><tr class=''><td class=''>Vuxen<\/td><td class=''>340 SEK<\/td><td class=''><\/td><\/tr><tr class=''><td class=''>Barn 7-15 \u00e5r**<\/td><td class=''>200 SEK<\/td><td class=''><\/td><\/tr><tr class=''><td class=''>Pension\u00e4r***\/Student<\/td><td class=''>300 SEK<\/td><td class=''><\/td><\/tr><tr class='avia-heading-row'><th class=''>Gruppriser****<\/th><th class=''><\/th><th class=''><\/th><\/tr><tr class=''><td class=''>Vuxen<\/td><td class=''>225 SEK<\/td><td class=''>265 SEK<\/td><\/tr><tr class=''><td class=''>Barn 7-15 \u00e5r**<\/td><td class=''>115 SEK<\/td><td class=''>135 SEK<\/td><\/tr><tr class=''><td class=''>Pension\u00e4r***\/Student<\/td><td class=''>206 SEK<\/td><td class=''>245 SEK<\/td><\/tr><tr class=''><td class=''>Skolklasser<\/td><td class=''>115 SEK<\/td><td class=''><\/td><\/tr><tr class=''><td class=''>L\u00e4rare<\/td><td class=''>185 SEK<\/td><td class=''><\/td><\/tr><\/tbody><\/table><\/div>\n<section  class='av_textblock_section av-m4r5hla1-925f1559b39a9c4f8da118d3be6bac86 '   itemscope=\"itemscope\" itemtype=\"https:\/\/schema.org\/CreativeWork\" ><div class='avia_textblock'  itemprop=\"text\" ><p>* Peakdagar \u00e4r fredag-s\u00f6ndag, helgdagar och skollov.<\/p>\n<p>** Barn under 7 \u00e5r g\u00e5r in gratis i vuxet s\u00e4llskap. G\u00e4ller max 3 barn per vuxen.<\/p>\n<p>*** Pension\u00e4rspris g\u00e4ller fr\u00e5n 65 \u00e5r mot uppvisande av legitimation. G\u00e4ller \u00e4ven f\u00f6rtidspension\u00e4rer mot uppvisande av kort.<\/p>\n<p>**** Gruppriser g\u00e4ller f\u00f6r grupper om 10 eller fler och k\u00f6ps via Julius Biljettservice Gruppbokning p\u00e5 +46 (0)46-280 45 50 eller biljettbokning@juliusbiljettservice.se. Skolklasspris g\u00e4ller f\u00f6r grundskola, gymnasium, fritidshem och universitet\/h\u00f6gskola, helgfria m\u00e5n-fre. Klassen m\u00e5ste vara l\u00e4rarledd.<\/p>\n<p><strong>Beh\u00f6ver du hj\u00e4lp med biljettbokning eller har du andra biljettfr\u00e5gor? Kontakta Julius Biljettservice p\u00e5\u00a0<a class=\"c-link\" href=\"mailto:info@juliusbiljettservice.se\" target=\"_blank\" rel=\"noopener noreferrer\" data-stringify-link=\"mailto:info@julliusbiljettservice.se\" data-sk=\"tooltip_parent\" aria-haspopup=\"menu\">info@juliusbiljettservice.se<\/a>\u00a0eller ring 0775-700 400<\/strong><\/p>\n<\/div><\/section>\n<\/div><\/div><\/div><!-- close content main div --><\/div><\/div>\n<style type=\"text\/css\" data-created_by=\"avia_inline_auto\" id=\"style-css-av-m4mvfpgc-9b0ff59fd68e1e4183a41d03c0f5adf1\">\n.avia-section.av-m4mvfpgc-9b0ff59fd68e1e4183a41d03c0f5adf1{\nbackground-color:#8fa500;\nbackground-image:unset;\n}\n<\/style>\n<div id='av_section_3'  class='avia-section av-m4mvfpgc-9b0ff59fd68e1e4183a41d03c0f5adf1 main_color avia-section-default avia-no-border-styling  avia-builder-el-16  el_after_av_textblock  avia-builder-el-last  avia-bg-style-scroll container_wrap fullsize'  ><div class='container av-section-cont-open' ><div class='template-page content  av-content-full alpha units'><div class='post-entry post-entry-type-page post-entry-137'><div class='entry-content-wrapper clearfix'>\n<div  class='flex_column av-1cgrw-586e7727e62067793ef3da6bff7f8546 av_one_full  avia-builder-el-17  avia-builder-el-no-sibling  first flex_column_div  '     ><style type=\"text\/css\" data-created_by=\"avia_inline_auto\" id=\"style-css-av-m4mvetjf-9ab375ab00b4de80f1d0025d0d08109a\">\n#top .av_textblock_section.av-m4mvetjf-9ab375ab00b4de80f1d0025d0d08109a .avia_textblock{\ncolor:#ffffff;\n}\n<\/style>\n<section  class='av_textblock_section av-m4mvetjf-9ab375ab00b4de80f1d0025d0d08109a '   itemscope=\"itemscope\" itemtype=\"https:\/\/schema.org\/CreativeWork\" ><div class='avia_textblock av_inherit_color'  itemprop=\"text\" ><div class=\"teaser-wide--item-content--main\">\n<p>I m\u00e5n av plats kommer det finnas m\u00f6jlighet att k\u00f6pa biljetter direkt p\u00e5 plats p\u00e5 Amiralen, betalning sker via swish eller kort.<\/p>\n<p>Det \u00e4r inte m\u00f6jligt att anv\u00e4nda presentkort fr\u00e5n Julius Biljettservice i kassan p\u00e5 utst\u00e4llningen. K\u00f6p dina biljetter <a href=\"https:\/\/vivafridakahlo.se\/sv_se\/biljetter\/\">via internet<\/a> eller Julius Biljettservice (<a class=\"c-link\" href=\"mailto:info@juliusbiljettservice.se\" target=\"_blank\" rel=\"noopener noreferrer\" data-stringify-link=\"mailto:info@julliusbiljettservice.se\" data-sk=\"tooltip_parent\" aria-haspopup=\"menu\">info@juliusbiljettservice.se<\/a>, tfn 0775-700 400).<\/p>\n<p>Utst\u00e4llningen \u00e4r anpassad och tillg\u00e4nglig f\u00f6r alla.<\/p>\n<p>Antalet parkeringsplatser n\u00e4ra Amiralen \u00e4r begr\u00e4nsade, vi rekommenderar d\u00e4rf\u00f6r att resa med kollektivtrafiken.<\/p>\n<\/div>\n<\/div><\/section><\/div>\n\n","protected":false},"excerpt":{"rendered":"","protected":false},"author":1,"featured_media":0,"parent":0,"menu_order":0,"comment_status":"closed","ping_status":"closed","template":"","meta":{"footnotes":""},"class_list":["post-137","page","type-page","status-publish","hentry"],"_links":{"self":[{"href":"https:\/\/vivafridakahlo.se\/sv_se\/wp-json\/wp\/v2\/pages\/137","targetHints":{"allow":["GET"]}}],"collection":[{"href":"https:\/\/vivafridakahlo.se\/sv_se\/wp-json\/wp\/v2\/pages"}],"about":[{"href":"https:\/\/vivafridakahlo.se\/sv_se\/wp-json\/wp\/v2\/types\/page"}],"author":[{"embeddable":true,"href":"https:\/\/vivafridakahlo.se\/sv_se\/wp-json\/wp\/v2\/users\/1"}],"replies":[{"embeddable":true,"href":"https:\/\/vivafridakahlo.se\/sv_se\/wp-json\/wp\/v2\/comments?post=137"}],"version-history":[{"count":104,"href":"https:\/\/vivafridakahlo.se\/sv_se\/wp-json\/wp\/v2\/pages\/137\/revisions"}],"predecessor-version":[{"id":817,"href":"https:\/\/vivafridakahlo.se\/sv_se\/wp-json\/wp\/v2\/pages\/137\/revisions\/817"}],"wp:attachment":[{"href":"https:\/\/vivafridakahlo.se\/sv_se\/wp-json\/wp\/v2\/media?parent=137"}],"curies":[{"name":"wp","href":"https:\/\/api.w.org\/{rel}","templated":true}]}}