{"id":389,"date":"2025-01-30T15:44:48","date_gmt":"2025-01-30T14:44:48","guid":{"rendered":"https:\/\/vivafridakahlo.se\/?page_id=389"},"modified":"2025-06-11T19:10:00","modified_gmt":"2025-06-11T17:10:00","slug":"specialevent","status":"publish","type":"page","link":"https:\/\/vivafridakahlo.se\/en\/specialevent\/","title":{"rendered":"Special events"},"content":{"rendered":"<style type=\"text\/css\" data-created_by=\"avia_inline_auto\" id=\"style-css-av-m6jrny6o-5115544b5ffc72321cfaf72662a9c8cb\">\n.avia-section.av-m6jrny6o-5115544b5ffc72321cfaf72662a9c8cb{\nbackground-repeat:no-repeat;\nbackground-image:url(https:\/\/vivafridakahlo.se\/wp-content\/uploads\/2025\/01\/specialheadernotext.jpg);\nbackground-position:50% 50%;\nbackground-attachment:scroll;\n}\n<\/style>\n<div id='av_section_1'  class='avia-section av-m6jrny6o-5115544b5ffc72321cfaf72662a9c8cb main_color avia-section-default avia-no-border-styling  avia-builder-el-0  el_before_av_textblock  avia-builder-el-first  avia-full-stretch avia-bg-style-scroll av-minimum-height av-minimum-height-25 av-height-25  container_wrap fullsize'  data-section-bg-repeat='stretch' data-av_minimum_height_pc='25' data-av_min_height_opt='25'><div class='container av-section-cont-open' ><main  role=\"main\" itemprop=\"mainContentOfPage\"  class='template-page content  av-content-full alpha units'><div class='post-entry post-entry-type-page post-entry-389'><div class='entry-content-wrapper clearfix'>\n\n<style type=\"text\/css\" data-created_by=\"avia_inline_auto\" id=\"style-css-av-m6jrnnl2-1c703df73cb1f037520910f53e63081b\">\n#top .av-special-heading.av-m6jrnnl2-1c703df73cb1f037520910f53e63081b{\npadding-bottom:10px;\nfont-size:150px;\n}\nbody .av-special-heading.av-m6jrnnl2-1c703df73cb1f037520910f53e63081b .av-special-heading-tag .heading-char{\nfont-size:25px;\n}\n#top #wrap_all .av-special-heading.av-m6jrnnl2-1c703df73cb1f037520910f53e63081b .av-special-heading-tag{\nfont-size:150px;\n}\n.av-special-heading.av-m6jrnnl2-1c703df73cb1f037520910f53e63081b .av-subheading{\nfont-size:15px;\n}\n\n@media only screen and (min-width: 990px){ \n#top #wrap_all .av-special-heading.av-m6jrnnl2-1c703df73cb1f037520910f53e63081b .av-special-heading-tag{\nfont-size:120px;\n}\n}\n\n@media only screen and (min-width: 768px) and (max-width: 989px){ \n#top #wrap_all .av-special-heading.av-m6jrnnl2-1c703df73cb1f037520910f53e63081b .av-special-heading-tag{\nfont-size:100px;\n}\n}\n\n@media only screen and (min-width: 480px) and (max-width: 767px){ \n#top #wrap_all .av-special-heading.av-m6jrnnl2-1c703df73cb1f037520910f53e63081b .av-special-heading-tag{\nfont-size:70px;\n}\n}\n\n@media only screen and (max-width: 479px){ \n#top #wrap_all .av-special-heading.av-m6jrnnl2-1c703df73cb1f037520910f53e63081b .av-special-heading-tag{\nfont-size:45px;\n}\n}\n<\/style>\n<div  class='av-special-heading av-m6jrnnl2-1c703df73cb1f037520910f53e63081b av-special-heading-h6 blockquote modern-quote modern-centered  avia-builder-el-1  avia-builder-el-no-sibling  av-inherit-size'><h6 class='av-special-heading-tag'  itemprop=\"headline\"  >Special events<\/h6><div class=\"special-heading-border\"><div class=\"special-heading-inner-border\"><\/div><\/div><\/div>\n<\/div><\/div><\/main><!-- close content main element --><\/div><\/div><div id='after_section_1'  class='main_color av_default_container_wrap container_wrap fullsize'  ><div class='container av-section-cont-open' ><div class='template-page content  av-content-full alpha units'><div class='post-entry post-entry-type-page post-entry-389'><div class='entry-content-wrapper clearfix'>\n<section  class='av_textblock_section av-m6jh3cm7-12a1a87f13138fdbb7fdbc8322f47eca'   itemscope=\"itemscope\" itemtype=\"https:\/\/schema.org\/CreativeWork\" ><div class='avia_textblock'  itemprop=\"text\" ><p style=\"text-align: center;\"><strong>Biljetter finns nu tillg\u00e4ngliga till v\u00e5ra specialevent!<br \/>\n<\/strong>Ut\u00f6ver den storslagna utst\u00e4llningen <em>Viva Frida Kahlo \u2013 Immersive Experience<\/em> erbjuder vi en rad unika specialevent d\u00e4r du kan f\u00f6rdjupa dig i Fridas konstn\u00e4rliga universum.<\/p>\n<\/div><\/section>\n<div  class='hr av-75txp-40322447275dcc6717f7793c6d45be90 hr-default  avia-builder-el-3  el_after_av_textblock  el_before_av_hr'><span class='hr-inner'><span class=\"hr-inner-style\"><\/span><\/span><\/div>\n<div  class='hr av-is29h-042c3f97c2091d072c26c3a4662d8d62 hr-default  avia-builder-el-4  el_after_av_hr  el_before_av_hr'><span class='hr-inner'><span class=\"hr-inner-style\"><\/span><\/span><\/div>\n<div  class='hr av-uxgel-1da5861703ec2c2e1fde3be7acd6f3ab hr-default  avia-builder-el-5  el_after_av_hr  el_before_av_one_half'><span class='hr-inner'><span class=\"hr-inner-style\"><\/span><\/span><\/div>\n\n<style type=\"text\/css\" data-created_by=\"avia_inline_auto\" id=\"style-css-av-s6th9-980c18861cf04d7b2bbc768c52732c59\">\n.flex_column.av-s6th9-980c18861cf04d7b2bbc768c52732c59{\nwidth:48.5%;\n}\n<\/style>\n<div  class='flex_column av-s6th9-980c18861cf04d7b2bbc768c52732c59 av_one_half  avia-builder-el-6  el_after_av_hr  el_before_av_one_half  first flex_column_div'     ><style type=\"text\/css\" data-created_by=\"avia_inline_auto\" id=\"style-css-av-m9b5r1gr-178d9f78f2efafc8ea27eea27fef55ef\">\n.avia-image-container.av-m9b5r1gr-178d9f78f2efafc8ea27eea27fef55ef img.avia_image{\nbox-shadow:none;\n}\n.avia-image-container.av-m9b5r1gr-178d9f78f2efafc8ea27eea27fef55ef .av-image-caption-overlay-center{\ncolor:#ffffff;\n}\n<\/style>\n<div  class='avia-image-container av-m9b5r1gr-178d9f78f2efafc8ea27eea27fef55ef av-styling- avia-align-center  avia-builder-el-7  avia-builder-el-no-sibling'   itemprop=\"image\" itemscope=\"itemscope\" itemtype=\"https:\/\/schema.org\/ImageObject\" ><div class=\"avia-image-container-inner\"><div class=\"avia-image-overlay-wrap\"><img decoding=\"async\" fetchpriority=\"high\" class='wp-image-763 avia-img-lazy-loading-not-763 avia_image' src=\"https:\/\/vivafridakahlo.se\/wp-content\/uploads\/2025\/04\/1920x1080px.png\" alt='' title='1920x1080px'  height=\"1080\" width=\"1920\"  itemprop=\"thumbnailUrl\" srcset=\"https:\/\/vivafridakahlo.se\/wp-content\/uploads\/2025\/04\/1920x1080px.png 1920w, https:\/\/vivafridakahlo.se\/wp-content\/uploads\/2025\/04\/1920x1080px-300x169.png 300w, https:\/\/vivafridakahlo.se\/wp-content\/uploads\/2025\/04\/1920x1080px-1030x579.png 1030w, https:\/\/vivafridakahlo.se\/wp-content\/uploads\/2025\/04\/1920x1080px-768x432.png 768w, https:\/\/vivafridakahlo.se\/wp-content\/uploads\/2025\/04\/1920x1080px-1536x864.png 1536w, https:\/\/vivafridakahlo.se\/wp-content\/uploads\/2025\/04\/1920x1080px-18x10.png 18w, https:\/\/vivafridakahlo.se\/wp-content\/uploads\/2025\/04\/1920x1080px-1500x844.png 1500w, https:\/\/vivafridakahlo.se\/wp-content\/uploads\/2025\/04\/1920x1080px-705x397.png 705w\" sizes=\"(max-width: 1920px) 100vw, 1920px\" \/><\/div><\/div><\/div><\/div>\n\n<style type=\"text\/css\" data-created_by=\"avia_inline_auto\" id=\"style-css-av-lbazh-20d5848bdc419fb7cc6022f2ef6dca78\">\n.flex_column.av-lbazh-20d5848bdc419fb7cc6022f2ef6dca78{\nwidth:48.5%;\nmargin-left:3%;\n}\n<\/style>\n<div  class='flex_column av-lbazh-20d5848bdc419fb7cc6022f2ef6dca78 av_one_half  avia-builder-el-8  el_after_av_one_half  el_before_av_one_half  flex_column_div'     ><section  class='av_textblock_section av-m9b5v0p3-dc3a7d0304fd0ceaef33887fa6ba918a'   itemscope=\"itemscope\" itemtype=\"https:\/\/schema.org\/CreativeWork\" ><div class='avia_textblock'  itemprop=\"text\" ><div class=\"section--image-text--text text-type-formatted col-md-6\">\n<h2>Mexikansk chokladprovning<\/h2>\n<h3 style=\"font-weight: 400;\"><strong>Utst\u00e4llning och sp\u00e4nnande smakupplevelse<\/strong><\/h3>\n<h4>7 juni kl 14.00-15.00<\/h4>\n<p style=\"font-weight: 400;\">Chokladens historia utspelar sig i Mexiko! Uppt\u00e4ck choklad fr\u00e5n Mexiko och Mesoamerika medan Sanna Forslund, internationell chokladinspirat\u00f6r, tar med dig p\u00e5 en resa fr\u00e5n Mayakulturen via Frida Kahlos k\u00f6k till idag.<\/p>\n<p style=\"font-weight: 400;\">***\u00a0\u00a0\u00a0\u00a0\u00a0\u00a0\u00a0\u00a0\u00a0 ***\u00a0\u00a0\u00a0\u00a0\u00a0\u00a0\u00a0\u00a0\u00a0 ***<\/p>\n<p style=\"font-weight: 400;\"><em>Notera att du beh\u00f6ver planera in att se utst\u00e4llningen innan eller efter provningen. Utst\u00e4llningen st\u00e4nger kl 19.00. Vi rekommenderar att du planerar ca 1,5 timme till ditt bes\u00f6k.<\/em><\/p>\n<p style=\"font-weight: 400;\">\n<\/div>\n<\/div><\/section><br \/>\n<div  class='avia-button-wrap av-atmj9-65c62820b0ae0cf4d2408d98774a3108-wrap avia-button-left  avia-builder-el-10  el_after_av_textblock  avia-builder-el-last'>\n<style type=\"text\/css\" data-created_by=\"avia_inline_auto\" id=\"style-css-av-atmj9-65c62820b0ae0cf4d2408d98774a3108\">\n#top #wrap_all .avia-button.av-atmj9-65c62820b0ae0cf4d2408d98774a3108{\nfont-size:16px;\nbackground-color:#fccd11;\nborder-color:#fccd11;\ncolor:#ffffff;\ntransition:all 0.4s ease-in-out;\n}\n<\/style>\n<a href=''  class='avia-button av-atmj9-65c62820b0ae0cf4d2408d98774a3108 av-link-btn avia-icon_select-yes-right-icon avia-size-medium avia-position-left'  target=\"_blank\"  rel=\"noopener noreferrer\"  aria-label=\"Tickets\"><span class='avia_iconbox_title' >Tickets<\/span><span class='avia_button_icon avia_button_icon_right' aria-hidden='true' data-av_icon='\ue871' data-av_iconfont='entypo-fontello'><\/span><\/a><\/div><\/p><\/div>\n<style type=\"text\/css\" data-created_by=\"avia_inline_auto\" id=\"style-css-av-3atb1-9b3e81a708bb4959b2b9ea48c3be3a4c\">\n.flex_column.av-3atb1-9b3e81a708bb4959b2b9ea48c3be3a4c{\nwidth:48.5%;\n}\n<\/style>\n<div  class='flex_column av-3atb1-9b3e81a708bb4959b2b9ea48c3be3a4c av_one_half  avia-builder-el-11  el_after_av_one_half  el_before_av_one_half  first flex_column_div  column-top-margin'     ><style type=\"text\/css\" data-created_by=\"avia_inline_auto\" id=\"style-css-av-tdhqt-28cbebfb253317d3b12c4d5044e32ba0\">\n.avia-image-container.av-tdhqt-28cbebfb253317d3b12c4d5044e32ba0 img.avia_image{\nbox-shadow:none;\n}\n.avia-image-container.av-tdhqt-28cbebfb253317d3b12c4d5044e32ba0 .av-image-caption-overlay-center{\ncolor:#ffffff;\n}\n<\/style>\n<div  class='avia-image-container av-tdhqt-28cbebfb253317d3b12c4d5044e32ba0 av-styling- avia-align-center  avia-builder-el-12  avia-builder-el-no-sibling'   itemprop=\"image\" itemscope=\"itemscope\" itemtype=\"https:\/\/schema.org\/ImageObject\" ><div class=\"avia-image-container-inner\"><div class=\"avia-image-overlay-wrap\"><img decoding=\"async\" fetchpriority=\"high\" class='wp-image-399 avia-img-lazy-loading-not-399 avia_image' src=\"https:\/\/vivafridakahlo.se\/wp-content\/uploads\/2025\/01\/Frida_1920x1080_sipcreate.jpg\" alt='' title='Frida_1920x1080_sip&amp;create'  height=\"1080\" width=\"1920\"  itemprop=\"thumbnailUrl\" srcset=\"https:\/\/vivafridakahlo.se\/wp-content\/uploads\/2025\/01\/Frida_1920x1080_sipcreate.jpg 1920w, https:\/\/vivafridakahlo.se\/wp-content\/uploads\/2025\/01\/Frida_1920x1080_sipcreate-300x169.jpg 300w, https:\/\/vivafridakahlo.se\/wp-content\/uploads\/2025\/01\/Frida_1920x1080_sipcreate-1030x579.jpg 1030w, https:\/\/vivafridakahlo.se\/wp-content\/uploads\/2025\/01\/Frida_1920x1080_sipcreate-768x432.jpg 768w, https:\/\/vivafridakahlo.se\/wp-content\/uploads\/2025\/01\/Frida_1920x1080_sipcreate-1536x864.jpg 1536w, https:\/\/vivafridakahlo.se\/wp-content\/uploads\/2025\/01\/Frida_1920x1080_sipcreate-18x10.jpg 18w, https:\/\/vivafridakahlo.se\/wp-content\/uploads\/2025\/01\/Frida_1920x1080_sipcreate-1500x844.jpg 1500w, https:\/\/vivafridakahlo.se\/wp-content\/uploads\/2025\/01\/Frida_1920x1080_sipcreate-705x397.jpg 705w\" sizes=\"(max-width: 1920px) 100vw, 1920px\" \/><\/div><\/div><\/div><\/div><\/p>\n\n<style type=\"text\/css\" data-created_by=\"avia_inline_auto\" id=\"style-css-av-jy3dp-5416c34fff6e71dc833c06574b656a2f\">\n.flex_column.av-jy3dp-5416c34fff6e71dc833c06574b656a2f{\nwidth:48.5%;\nmargin-left:3%;\n}\n<\/style>\n<div  class='flex_column av-jy3dp-5416c34fff6e71dc833c06574b656a2f av_one_half  avia-builder-el-13  el_after_av_one_half  el_before_av_hr  flex_column_div  column-top-margin'     ><section  class='av_textblock_section av-5vpx-6d586f227384b29ba3e526eeec51cab8'   itemscope=\"itemscope\" itemtype=\"https:\/\/schema.org\/CreativeWork\" ><div class='avia_textblock'  itemprop=\"text\" ><div class=\"section--image-text--text text-type-formatted col-md-6\">\n<h2>Sip &amp; Create<\/h2>\n<h3 style=\"font-weight: 400;\"><strong>Utst\u00e4llning och kreativ workshop<\/strong><\/h3>\n<h4>8 juni kl 11.00-13.30<\/h4>\n<p style=\"font-weight: 400;\">En sp\u00e4nnande workshop d\u00e4r du f\u00e5r skapa din egen Frida Kahlo-inspirerade konst tillsammans med v\u00e4gledning av en konstn\u00e4r. Handledning och material ing\u00e5r och sj\u00e4lvklart f\u00e5r du ta med ditt konstverk hem!<\/p>\n<p style=\"font-weight: 400;\">***\u00a0\u00a0\u00a0\u00a0\u00a0\u00a0\u00a0\u00a0\u00a0 ***\u00a0\u00a0\u00a0\u00a0\u00a0\u00a0\u00a0\u00a0\u00a0 ***<\/p>\n<p style=\"font-weight: 400;\"><em>Notera att du beh\u00f6ver planera in att se utst\u00e4llningen innan eller efter provningen. Utst\u00e4llningen st\u00e4nger kl 19.00. Vi rekommenderar att du planerar ca 1,5 timme till ditt bes\u00f6k. <\/em><\/p>\n<p style=\"font-weight: 400;\">\n<\/div>\n<\/div><\/section><br \/>\n<div  class='avia-button-wrap av-712n1-b0d383a3d3ecf420845eb60515bef796-wrap avia-button-left  avia-builder-el-15  el_after_av_textblock  avia-builder-el-last'>\n<style type=\"text\/css\" data-created_by=\"avia_inline_auto\" id=\"style-css-av-712n1-b0d383a3d3ecf420845eb60515bef796\">\n#top #wrap_all .avia-button.av-712n1-b0d383a3d3ecf420845eb60515bef796{\nfont-size:16px;\nbackground-color:#fccd11;\nborder-color:#fccd11;\ncolor:#ffffff;\ntransition:all 0.4s ease-in-out;\n}\n<\/style>\n<a href=''  class='avia-button av-712n1-b0d383a3d3ecf420845eb60515bef796 av-link-btn avia-icon_select-yes-right-icon avia-size-medium avia-position-left'  target=\"_blank\"  rel=\"noopener noreferrer\"  aria-label=\"Tickets\"><span class='avia_iconbox_title' >Tickets<\/span><span class='avia_button_icon avia_button_icon_right' aria-hidden='true' data-av_icon='\ue871' data-av_iconfont='entypo-fontello'><\/span><\/a><\/div><\/p><\/div><div  class='hr av-db0wd-4ccd4d4586458a5e67b68f1a60c32c34 hr-default  avia-builder-el-16  el_after_av_one_half  avia-builder-el-last'><span class='hr-inner'><span class=\"hr-inner-style\"><\/span><\/span><\/div><\/p>","protected":false},"excerpt":{"rendered":"","protected":false},"author":2,"featured_media":0,"parent":0,"menu_order":0,"comment_status":"closed","ping_status":"closed","template":"","meta":{"footnotes":""},"class_list":["post-389","page","type-page","status-publish","hentry"],"_links":{"self":[{"href":"https:\/\/vivafridakahlo.se\/en\/wp-json\/wp\/v2\/pages\/389","targetHints":{"allow":["GET"]}}],"collection":[{"href":"https:\/\/vivafridakahlo.se\/en\/wp-json\/wp\/v2\/pages"}],"about":[{"href":"https:\/\/vivafridakahlo.se\/en\/wp-json\/wp\/v2\/types\/page"}],"author":[{"embeddable":true,"href":"https:\/\/vivafridakahlo.se\/en\/wp-json\/wp\/v2\/users\/2"}],"replies":[{"embeddable":true,"href":"https:\/\/vivafridakahlo.se\/en\/wp-json\/wp\/v2\/comments?post=389"}],"version-history":[{"count":54,"href":"https:\/\/vivafridakahlo.se\/en\/wp-json\/wp\/v2\/pages\/389\/revisions"}],"predecessor-version":[{"id":811,"href":"https:\/\/vivafridakahlo.se\/en\/wp-json\/wp\/v2\/pages\/389\/revisions\/811"}],"wp:attachment":[{"href":"https:\/\/vivafridakahlo.se\/en\/wp-json\/wp\/v2\/media?parent=389"}],"curies":[{"name":"wp","href":"https:\/\/api.w.org\/{rel}","templated":true}]}}